{"id":490,"date":"2018-10-29T15:42:50","date_gmt":"2018-10-29T15:42:50","guid":{"rendered":"http:\/\/localhost:8080\/fsm\/dienstleistungen\/rail-freight\/"},"modified":"2019-11-16T05:54:06","modified_gmt":"2019-11-16T05:54:06","slug":"rail-freight","status":"publish","type":"page","link":"https:\/\/fsmlogistics.com\/de\/services\/rail-freight\/","title":{"rendered":"Schienenverkehr"},"content":{"rendered":"<p><span style=\"font-weight: 400;\">Schienenverkehr &#8211; ist gut f\u00fcr den Klimaschutz und geh\u00f6rt zu den wettbewerbsf\u00e4higsten Verkehrstr\u00e4gern weltweit.<span style=\"font-weight: 400;\">.<\/span><\/p>\n<p>Mit dem Start der Initiative &#8222;One Road \u2013 One Belt&#8220; reist der gr\u00f6\u00dfte Teil der Ladung aus China nach Russland nun mit der Bahn.<\/p>\n<p>Diese neue Infrastruktur wird von uns bereits seit Jahren genutzt und erm\u00f6glicht Ihnen Ihre Fracht schnell und kosteng\u00fcnstig zu bewegen, sowie zeitgleich die Umwelt zu schonen.<\/p>\n","protected":false},"excerpt":{"rendered":"<p>Schienenverkehr &#8211; ist gut f\u00fcr den Klimaschutz und geh\u00f6rt zu den wettbewerbsf\u00e4higsten Verkehrstr\u00e4gern weltweit. <\/p>\n","protected":false},"author":1,"featured_media":1324,"parent":312,"menu_order":4,"comment_status":"closed","ping_status":"closed","template":"page-services-single-category.php","meta":{"_acf_changed":false,"footnotes":""},"categories":[82],"tags":[],"yst_prominent_words":[607,346,339,347,355],"class_list":["post-490","page","type-page","status-publish","has-post-thumbnail","hentry","category-schienenfracht"],"acf":[],"_links":{"self":[{"href":"https:\/\/fsmlogistics.com\/de\/wp-json\/wp\/v2\/pages\/490","targetHints":{"allow":["GET"]}}],"collection":[{"href":"https:\/\/fsmlogistics.com\/de\/wp-json\/wp\/v2\/pages"}],"about":[{"href":"https:\/\/fsmlogistics.com\/de\/wp-json\/wp\/v2\/types\/page"}],"author":[{"embeddable":true,"href":"https:\/\/fsmlogistics.com\/de\/wp-json\/wp\/v2\/users\/1"}],"replies":[{"embeddable":true,"href":"https:\/\/fsmlogistics.com\/de\/wp-json\/wp\/v2\/comments?post=490"}],"version-history":[{"count":0,"href":"https:\/\/fsmlogistics.com\/de\/wp-json\/wp\/v2\/pages\/490\/revisions"}],"up":[{"embeddable":true,"href":"https:\/\/fsmlogistics.com\/de\/wp-json\/wp\/v2\/pages\/312"}],"wp:featuredmedia":[{"embeddable":true,"href":"https:\/\/fsmlogistics.com\/de\/wp-json\/wp\/v2\/media\/1324"}],"wp:attachment":[{"href":"https:\/\/fsmlogistics.com\/de\/wp-json\/wp\/v2\/media?parent=490"}],"wp:term":[{"taxonomy":"category","embeddable":true,"href":"https:\/\/fsmlogistics.com\/de\/wp-json\/wp\/v2\/categories?post=490"},{"taxonomy":"post_tag","embeddable":true,"href":"https:\/\/fsmlogistics.com\/de\/wp-json\/wp\/v2\/tags?post=490"},{"taxonomy":"yst_prominent_words","embeddable":true,"href":"https:\/\/fsmlogistics.com\/de\/wp-json\/wp\/v2\/yst_prominent_words?post=490"}],"curies":[{"name":"wp","href":"https:\/\/api.w.org\/{rel}","templated":true}]}}