{"id":318,"date":"2018-10-18T10:09:05","date_gmt":"2018-10-18T10:09:05","guid":{"rendered":"http:\/\/localhost:8080\/fsm\/dienstleistungen\/zoll-warehousing-lieferungen\/"},"modified":"2020-01-15T10:52:34","modified_gmt":"2020-01-15T10:52:34","slug":"warenhaus","status":"publish","type":"page","link":"https:\/\/fsmlogistics.com\/de\/services\/warenhaus\/","title":{"rendered":"Lagerlogistik und 3PL"},"content":{"rendered":"<p>FS Mackenzie Logistics bietet seit 15 Jahren Lager- und 3PL Dienste an. Mit unserem flexiblen Service inkl. der notwendigen Dienstleistungen sorgen wir daf\u00fcr, dass Ihre G\u00fcter zum geplanten Zeitpunkt am gew\u00fcnschten Bestimmungsort rechtzeitig und sicher zugestellt werden. Wir setzen moderne Technologien in Verbindung mit intelligenten Ladungstr\u00e4gern ein, diese verschaffen uns signifikante Zeit- und Kosteneinsparungen. <\/p>\n<p>Jede Region weist eigene Besonderheiten in der kostenoptimierten Lagerhaltung auf, die wir nat\u00fcrlich ber\u00fccksichtigen und unterst\u00fctzen.<\/p>\n\n\n<p><\/p>\n","protected":false},"excerpt":{"rendered":"<p>Unsere Zollabfertigungsteams und das weltweite Netzwerk von lokalen Agenten und Partnern unterst\u00fctzen Sie bei allen Formen der nationalen und internationalen Dokumentation.<\/p>\n","protected":false},"author":1,"featured_media":5402,"parent":312,"menu_order":5,"comment_status":"closed","ping_status":"closed","template":"page-services-single-category.php","meta":{"_acf_changed":false,"footnotes":""},"categories":[72,447],"tags":[],"yst_prominent_words":[],"class_list":["post-318","page","type-page","status-publish","has-post-thumbnail","hentry","category-services","category-warenhaus"],"acf":[],"_links":{"self":[{"href":"https:\/\/fsmlogistics.com\/de\/wp-json\/wp\/v2\/pages\/318","targetHints":{"allow":["GET"]}}],"collection":[{"href":"https:\/\/fsmlogistics.com\/de\/wp-json\/wp\/v2\/pages"}],"about":[{"href":"https:\/\/fsmlogistics.com\/de\/wp-json\/wp\/v2\/types\/page"}],"author":[{"embeddable":true,"href":"https:\/\/fsmlogistics.com\/de\/wp-json\/wp\/v2\/users\/1"}],"replies":[{"embeddable":true,"href":"https:\/\/fsmlogistics.com\/de\/wp-json\/wp\/v2\/comments?post=318"}],"version-history":[{"count":0,"href":"https:\/\/fsmlogistics.com\/de\/wp-json\/wp\/v2\/pages\/318\/revisions"}],"up":[{"embeddable":true,"href":"https:\/\/fsmlogistics.com\/de\/wp-json\/wp\/v2\/pages\/312"}],"wp:featuredmedia":[{"embeddable":true,"href":"https:\/\/fsmlogistics.com\/de\/wp-json\/wp\/v2\/media\/5402"}],"wp:attachment":[{"href":"https:\/\/fsmlogistics.com\/de\/wp-json\/wp\/v2\/media?parent=318"}],"wp:term":[{"taxonomy":"category","embeddable":true,"href":"https:\/\/fsmlogistics.com\/de\/wp-json\/wp\/v2\/categories?post=318"},{"taxonomy":"post_tag","embeddable":true,"href":"https:\/\/fsmlogistics.com\/de\/wp-json\/wp\/v2\/tags?post=318"},{"taxonomy":"yst_prominent_words","embeddable":true,"href":"https:\/\/fsmlogistics.com\/de\/wp-json\/wp\/v2\/yst_prominent_words?post=318"}],"curies":[{"name":"wp","href":"https:\/\/api.w.org\/{rel}","templated":true}]}}