{"id":312,"date":"2018-10-18T10:02:55","date_gmt":"2018-10-18T10:02:55","guid":{"rendered":"http:\/\/localhost:8080\/fsm\/dienstleistungen\/"},"modified":"2020-01-15T10:55:34","modified_gmt":"2020-01-15T10:55:34","slug":"services","status":"publish","type":"page","link":"https:\/\/fsmlogistics.com\/de\/services\/","title":{"rendered":"Dienstleistungen"},"content":{"rendered":"<p>Unsere Dienstleistungen sind v\u00f6llig flexibel und entsprechen genau Ihren Anforderungen. W\u00e4hlen Sie aus den folgenden Logistikoptionen Ihre Transportl\u00f6sung aus oder kontaktieren Sie uns \u2013 wir helfen Ihnen gerne weiter.<\/p>\n","protected":false},"excerpt":{"rendered":"<p>Als Logistikspezialisten verbinden wir Ihre Anforderungen mit unserem Wissen \u2013 wir arbeiten   strategisch, kundenorientiert und organisieren gerne f\u00fcr Sie auch schwierige Transportl\u00f6sungen. <\/p>\n<p>Da die Herausforderungen an die internationale Logistik sehr komplex sind, stehen wir als direkter Ansprechpartner Ihnen \u00fcber den gesamten Prozess zur Seite. <\/p>\n","protected":false},"author":1,"featured_media":0,"parent":0,"menu_order":0,"comment_status":"closed","ping_status":"closed","template":"page-services.php","meta":{"_acf_changed":false,"footnotes":""},"categories":[72],"tags":[],"yst_prominent_words":[],"class_list":["post-312","page","type-page","status-publish","hentry","category-services"],"acf":[],"_links":{"self":[{"href":"https:\/\/fsmlogistics.com\/de\/wp-json\/wp\/v2\/pages\/312","targetHints":{"allow":["GET"]}}],"collection":[{"href":"https:\/\/fsmlogistics.com\/de\/wp-json\/wp\/v2\/pages"}],"about":[{"href":"https:\/\/fsmlogistics.com\/de\/wp-json\/wp\/v2\/types\/page"}],"author":[{"embeddable":true,"href":"https:\/\/fsmlogistics.com\/de\/wp-json\/wp\/v2\/users\/1"}],"replies":[{"embeddable":true,"href":"https:\/\/fsmlogistics.com\/de\/wp-json\/wp\/v2\/comments?post=312"}],"version-history":[{"count":0,"href":"https:\/\/fsmlogistics.com\/de\/wp-json\/wp\/v2\/pages\/312\/revisions"}],"wp:attachment":[{"href":"https:\/\/fsmlogistics.com\/de\/wp-json\/wp\/v2\/media?parent=312"}],"wp:term":[{"taxonomy":"category","embeddable":true,"href":"https:\/\/fsmlogistics.com\/de\/wp-json\/wp\/v2\/categories?post=312"},{"taxonomy":"post_tag","embeddable":true,"href":"https:\/\/fsmlogistics.com\/de\/wp-json\/wp\/v2\/tags?post=312"},{"taxonomy":"yst_prominent_words","embeddable":true,"href":"https:\/\/fsmlogistics.com\/de\/wp-json\/wp\/v2\/yst_prominent_words?post=312"}],"curies":[{"name":"wp","href":"https:\/\/api.w.org\/{rel}","templated":true}]}}