{"id":302,"date":"2018-10-18T09:53:32","date_gmt":"2018-10-18T09:53:32","guid":{"rendered":"http:\/\/localhost:8080\/fsm\/uber-uns\/"},"modified":"2019-08-26T16:18:08","modified_gmt":"2019-08-26T16:18:08","slug":"uber-uns","status":"publish","type":"page","link":"https:\/\/fsmlogistics.com\/de\/uber-uns\/","title":{"rendered":"\u00dcber uns"},"content":{"rendered":"<p>1950 gegr\u00fcndet ist FS Mackenzie Logistics heute Vordenker und Probleml\u00f6ser in der modernen Logistikwelt.<\/p>\n<p>Wir sind seit sieben Jahrzehnten in ein starkes globales Netzwerk von mehreren B\u00fcros, Lagerh\u00e4usern und lokalen Agenten sowie Partnern eingebunden und sind zurzeit in Gro\u00dfbritannien, Deutschland, Russland, Ukraine, Georgien und Kasachstan mit eigenen Niederlassungen vertreten. <\/p>\n<p>Mit unseren Investitionen in bereits etablierte sowie aufstrebende M\u00e4rkte begeistern wir auf globaler Basis namhafte Kunden aus unterschiedlichsten Branchen. Unsere rund 200 Mitarbeiter arbeiten in mehr als 180 L\u00e4ndern und setzen sich jeden Tag daf\u00fcr ein, Ihre Logistikprobleme l\u00f6sen zu d\u00fcrfen und Ihre Ware sicher und p\u00fcnktlich zu liefern, damit Sie schon heute echte Wettbewerbsvorteile erlangen k\u00f6nnen.<\/p>\n\n<p><\/p>\n","protected":false},"excerpt":{"rendered":"<p>1950 gegr\u00fcndet ist FS Mackenzie Logistics heute Vordenker und Probleml\u00f6ser in der modernen Logistikwelt. Wir sind seit sieben Jahrzehnten in ein starkes globales Netzwerk von mehreren B\u00fcros, Lagerh\u00e4usern und lokalen Agenten sowie Partnern eingebunden und sind zurzeit in Gro\u00dfbritannien, Deutschland, Russland, Ukraine, Georgien und Kasachstan mit eigenen Niederlassungen vertreten. Mit unseren Investitionen in bereits etablierte [&hellip;]<\/p>\n","protected":false},"author":1,"featured_media":177,"parent":0,"menu_order":0,"comment_status":"closed","ping_status":"closed","template":"page-about.php","meta":{"_acf_changed":false,"footnotes":""},"categories":[],"tags":[],"yst_prominent_words":[],"class_list":["post-302","page","type-page","status-publish","has-post-thumbnail","hentry"],"acf":[],"_links":{"self":[{"href":"https:\/\/fsmlogistics.com\/de\/wp-json\/wp\/v2\/pages\/302","targetHints":{"allow":["GET"]}}],"collection":[{"href":"https:\/\/fsmlogistics.com\/de\/wp-json\/wp\/v2\/pages"}],"about":[{"href":"https:\/\/fsmlogistics.com\/de\/wp-json\/wp\/v2\/types\/page"}],"author":[{"embeddable":true,"href":"https:\/\/fsmlogistics.com\/de\/wp-json\/wp\/v2\/users\/1"}],"replies":[{"embeddable":true,"href":"https:\/\/fsmlogistics.com\/de\/wp-json\/wp\/v2\/comments?post=302"}],"version-history":[{"count":0,"href":"https:\/\/fsmlogistics.com\/de\/wp-json\/wp\/v2\/pages\/302\/revisions"}],"wp:featuredmedia":[{"embeddable":true,"href":"https:\/\/fsmlogistics.com\/de\/wp-json\/wp\/v2\/media\/177"}],"wp:attachment":[{"href":"https:\/\/fsmlogistics.com\/de\/wp-json\/wp\/v2\/media?parent=302"}],"wp:term":[{"taxonomy":"category","embeddable":true,"href":"https:\/\/fsmlogistics.com\/de\/wp-json\/wp\/v2\/categories?post=302"},{"taxonomy":"post_tag","embeddable":true,"href":"https:\/\/fsmlogistics.com\/de\/wp-json\/wp\/v2\/tags?post=302"},{"taxonomy":"yst_prominent_words","embeddable":true,"href":"https:\/\/fsmlogistics.com\/de\/wp-json\/wp\/v2\/yst_prominent_words?post=302"}],"curies":[{"name":"wp","href":"https:\/\/api.w.org\/{rel}","templated":true}]}}