{"id":1881,"date":"2018-12-12T11:02:25","date_gmt":"2018-12-12T11:02:25","guid":{"rendered":"http:\/\/www.enderstudio.com\/fsm\/dienstleistungen\/luftfracht\/onboard-courier-shipments\/"},"modified":"2019-12-04T13:02:18","modified_gmt":"2019-12-04T13:02:18","slug":"onboard-courier-shipments","status":"publish","type":"page","link":"https:\/\/fsmlogistics.com\/de\/services\/luftfracht\/onboard-courier-shipments\/","title":{"rendered":"On-Board Courier"},"content":{"rendered":"\n<p>FS Mackenzie Logistics &#8211; Portfolio:<\/p>\n\n\n\n<ul class=\"wp-block-list\"><li>Globales Netzwerk an ausgebildeten Kurieren<\/li><li>Umfassendes Service-Wissen <\/li><li>T\u00fcr-zu-T\u00fcr Zustellung rund um die Uhr<\/li><li>Full-Service (Flugbuchung, Einreisebestimmungen, Zollabwicklung)<\/li><li>Wettbewerbsf\u00e4hige Logistikl\u00f6sungen<\/li><li>Pers\u00f6nliche Kundenbetreuung vor Ort <\/li><\/ul>\n\n\n\n<p><\/p>\n","protected":false},"excerpt":{"rendered":"<p>Unser On-Board Courier Service bietet Ihnen eine schnelle und sichere Transportl\u00f6sung f\u00fcr Ihre zeitkritische und\/oder sensible Ware an. Unsere ausgebildeten Kuriere \u00fcbernehmen weltweit die komplette Abwicklung aller Details rund um Ihren Transport &#8211; von der Abholung bis zur pers\u00f6nlichen Zustellung an den Empf\u00e4nger. <\/p>\n","protected":false},"author":1,"featured_media":91,"parent":316,"menu_order":0,"comment_status":"closed","ping_status":"closed","template":"","meta":{"_acf_changed":false,"footnotes":""},"categories":[97,81],"tags":[],"yst_prominent_words":[],"class_list":["post-1881","page","type-page","status-publish","has-post-thumbnail","hentry","category-luftfracht-kurierversendungen-an-bord","category-luftfracht"],"acf":[],"_links":{"self":[{"href":"https:\/\/fsmlogistics.com\/de\/wp-json\/wp\/v2\/pages\/1881","targetHints":{"allow":["GET"]}}],"collection":[{"href":"https:\/\/fsmlogistics.com\/de\/wp-json\/wp\/v2\/pages"}],"about":[{"href":"https:\/\/fsmlogistics.com\/de\/wp-json\/wp\/v2\/types\/page"}],"author":[{"embeddable":true,"href":"https:\/\/fsmlogistics.com\/de\/wp-json\/wp\/v2\/users\/1"}],"replies":[{"embeddable":true,"href":"https:\/\/fsmlogistics.com\/de\/wp-json\/wp\/v2\/comments?post=1881"}],"version-history":[{"count":0,"href":"https:\/\/fsmlogistics.com\/de\/wp-json\/wp\/v2\/pages\/1881\/revisions"}],"up":[{"embeddable":true,"href":"https:\/\/fsmlogistics.com\/de\/wp-json\/wp\/v2\/pages\/316"}],"wp:featuredmedia":[{"embeddable":true,"href":"https:\/\/fsmlogistics.com\/de\/wp-json\/wp\/v2\/media\/91"}],"wp:attachment":[{"href":"https:\/\/fsmlogistics.com\/de\/wp-json\/wp\/v2\/media?parent=1881"}],"wp:term":[{"taxonomy":"category","embeddable":true,"href":"https:\/\/fsmlogistics.com\/de\/wp-json\/wp\/v2\/categories?post=1881"},{"taxonomy":"post_tag","embeddable":true,"href":"https:\/\/fsmlogistics.com\/de\/wp-json\/wp\/v2\/tags?post=1881"},{"taxonomy":"yst_prominent_words","embeddable":true,"href":"https:\/\/fsmlogistics.com\/de\/wp-json\/wp\/v2\/yst_prominent_words?post=1881"}],"curies":[{"name":"wp","href":"https:\/\/api.w.org\/{rel}","templated":true}]}}